{"id":68,"date":"2024-11-22T14:50:29","date_gmt":"2024-11-22T18:50:29","guid":{"rendered":"https:\/\/educ-spe-guadeloupe.fr\/?page_id=68"},"modified":"2024-11-22T15:20:18","modified_gmt":"2024-11-22T19:20:18","slug":"contact-naima-olbrdad-educatrice-specialisee-liberale-guadeloupe","status":"publish","type":"page","link":"https:\/\/educ-spe-guadeloupe.fr\/index.php\/contact-naima-olbrdad-educatrice-specialisee-liberale-guadeloupe\/","title":{"rendered":"CONTACT"},"content":{"rendered":"\t\t<div data-elementor-type=\"wp-page\" data-elementor-id=\"68\" class=\"elementor elementor-68\">\n\t\t\t\t<div class=\"elementor-element elementor-element-20deddf e-flex e-con-boxed e-con e-parent\" data-id=\"20deddf\" data-element_type=\"container\" data-e-type=\"container\">\n\t\t\t\t\t<div class=\"e-con-inner\">\n\t\t\t\t<div class=\"elementor-element elementor-element-c219f6a elementor-widget elementor-widget-heading\" data-id=\"c219f6a\" data-element_type=\"widget\" data-e-type=\"widget\" data-widget_type=\"heading.default\">\n\t\t\t\t<div class=\"elementor-widget-container\">\n\t\t\t\t\t<h2 class=\"elementor-heading-title elementor-size-default\">Une \u00e9coute et un accompagnement adapt\u00e9 \u00e0 vos besoins<\/h2>\t\t\t\t<\/div>\n\t\t\t\t<\/div>\n\t\t\t\t\t<\/div>\n\t\t\t\t<\/div>\n\t\t<div class=\"elementor-element elementor-element-45f6beb e-flex e-con-boxed e-con e-parent\" data-id=\"45f6beb\" data-element_type=\"container\" data-e-type=\"container\">\n\t\t\t\t\t<div class=\"e-con-inner\">\n\t\t\t\t<div class=\"elementor-element elementor-element-4f5c6831 elementor-widget elementor-widget-text-editor\" data-id=\"4f5c6831\" data-element_type=\"widget\" data-e-type=\"widget\" data-widget_type=\"text-editor.default\">\n\t\t\t\t<div class=\"elementor-widget-container\">\n\t\t\t\t\t\t\t\t\t<p>Vous souhaitez discuter d&rsquo;une probl\u00e9matique, poser une question, ou prendre rendez-vous ? Je suis \u00e0 votre disposition pour r\u00e9pondre \u00e0 vos besoins sp\u00e9cifiques en \u00e9ducation sp\u00e9cialis\u00e9e en Guadeloupe. Je vous invite \u00e0 me contacter :<\/p><p>\ud83d\udcde <strong>T\u00e9l\u00e9phone<\/strong> : 06 52 89 63 20<\/p><p>\u2709\ufe0f <strong>Email<\/strong> : olbrdadnaima@gmail.com<\/p><p>\ud83d\udccd <strong>Adresse<\/strong> : Trois-Rivi\u00e8res, Basse-Terre, Guadeloupe<\/p>\t\t\t\t\t\t\t\t<\/div>\n\t\t\t\t<\/div>\n\t\t\t\t\t<\/div>\n\t\t\t\t<\/div>\n\t\t<div class=\"elementor-element elementor-element-52acf53 e-flex e-con-boxed e-con e-parent\" data-id=\"52acf53\" data-element_type=\"container\" data-e-type=\"container\">\n\t\t\t\t\t<div class=\"e-con-inner\">\n\t\t\t\t<div class=\"elementor-element elementor-element-f989c0e elementor-widget elementor-widget-text-editor\" data-id=\"f989c0e\" data-element_type=\"widget\" data-e-type=\"widget\" data-widget_type=\"text-editor.default\">\n\t\t\t\t<div class=\"elementor-widget-container\">\n\t\t\t\t\t\t\t\t\t<p><strong>Vous pouvez aussi me contacter gr\u00e2ce au formulaire ci-dessous :<\/strong><\/p>\n<div class=\"wpcf7 no-js\" id=\"wpcf7-f66-o1\" lang=\"fr-FR\" dir=\"ltr\" data-wpcf7-id=\"66\">\n<div class=\"screen-reader-response\"><p role=\"status\" aria-live=\"polite\" aria-atomic=\"true\"><\/p> <ul><\/ul><\/div>\n<form action=\"\/index.php\/wp-json\/wp\/v2\/pages\/68#wpcf7-f66-o1\" method=\"post\" class=\"wpcf7-form init\" aria-label=\"Formulaire de contact\" novalidate=\"novalidate\" data-status=\"init\">\n<fieldset class=\"hidden-fields-container\"><input type=\"hidden\" name=\"_wpcf7\" value=\"66\" \/><input type=\"hidden\" name=\"_wpcf7_version\" value=\"6.1.5\" \/><input type=\"hidden\" name=\"_wpcf7_locale\" value=\"fr_FR\" \/><input type=\"hidden\" name=\"_wpcf7_unit_tag\" value=\"wpcf7-f66-o1\" \/><input type=\"hidden\" name=\"_wpcf7_container_post\" value=\"0\" \/><input type=\"hidden\" name=\"_wpcf7_posted_data_hash\" value=\"\" \/>\n<\/fieldset>\n<p><label> Votre nom<br \/>\n<span class=\"wpcf7-form-control-wrap\" data-name=\"your-name\"><input size=\"40\" maxlength=\"400\" class=\"wpcf7-form-control wpcf7-text wpcf7-validates-as-required\" autocomplete=\"name\" aria-required=\"true\" aria-invalid=\"false\" value=\"\" type=\"text\" name=\"your-name\" \/><\/span> <\/label>\n<\/p>\n<p><label> Votre num\u00e9ro de t\u00e9l\u00e9phone<br \/>\n<span class=\"wpcf7-form-control-wrap\" data-name=\"your-telephone\"><input size=\"40\" maxlength=\"400\" class=\"wpcf7-form-control wpcf7-text wpcf7-validates-as-required\" autocomplete=\"telephone\" aria-required=\"true\" aria-invalid=\"false\" value=\"\" type=\"text\" name=\"your-telephone\" \/><\/span> <\/label>\n<\/p>\n<p><label> Votre e-mail<br \/>\n<span class=\"wpcf7-form-control-wrap\" data-name=\"your-email\"><input size=\"40\" maxlength=\"400\" class=\"wpcf7-form-control wpcf7-email wpcf7-validates-as-required wpcf7-text wpcf7-validates-as-email\" autocomplete=\"email\" aria-required=\"true\" aria-invalid=\"false\" value=\"\" type=\"email\" name=\"your-email\" \/><\/span> <\/label>\n<\/p>\n<p><label> Objet<br \/>\n<span class=\"wpcf7-form-control-wrap\" data-name=\"your-subject\"><input size=\"40\" maxlength=\"400\" class=\"wpcf7-form-control wpcf7-text wpcf7-validates-as-required\" aria-required=\"true\" aria-invalid=\"false\" value=\"\" type=\"text\" name=\"your-subject\" \/><\/span> <\/label>\n<\/p>\n<p><label> Votre message<br \/>\n<span class=\"wpcf7-form-control-wrap\" data-name=\"your-message\"><textarea cols=\"40\" rows=\"10\" maxlength=\"2000\" class=\"wpcf7-form-control wpcf7-textarea wpcf7-validates-as-required\" aria-required=\"true\" aria-invalid=\"false\" name=\"your-message\"><\/textarea><\/span> <\/label>\n<\/p>\n<p><input class=\"wpcf7-form-control wpcf7-submit has-spinner\" type=\"submit\" value=\"Envoyer\" \/>\n<\/p><p style=\"display: none !important;\" class=\"akismet-fields-container\" data-prefix=\"_wpcf7_ak_\"><label>&#916;<textarea name=\"_wpcf7_ak_hp_textarea\" cols=\"45\" rows=\"8\" maxlength=\"100\"><\/textarea><\/label><input type=\"hidden\" id=\"ak_js_1\" name=\"_wpcf7_ak_js\" value=\"26\"\/><script>\ndocument.getElementById( \"ak_js_1\" ).setAttribute( \"value\", ( new Date() ).getTime() );\n<\/script>\n<\/p><div class=\"wpcf7-response-output\" aria-hidden=\"true\"><\/div>\n<\/form>\n<\/div>\n\t\t\t\t\t\t\t\t<\/div>\n\t\t\t\t<\/div>\n\t\t\t\t\t<\/div>\n\t\t\t\t<\/div>\n\t\t\t\t<\/div>\n\t\t","protected":false},"excerpt":{"rendered":"<p>Une \u00e9coute et un accompagnement adapt\u00e9 \u00e0 vos besoins Vous souhaitez discuter d&rsquo;une probl\u00e9matique, poser une question, ou prendre rendez-vous ? Je suis \u00e0 votre disposition pour r\u00e9pondre \u00e0 vos besoins sp\u00e9cifiques en \u00e9ducation sp\u00e9cialis\u00e9e en Guadeloupe. Je vous invite \u00e0 me contacter : \ud83d\udcde T\u00e9l\u00e9phone : 06 52 89 63 20 \u2709\ufe0f Email : [&hellip;]<\/p>\n","protected":false},"author":1,"featured_media":0,"parent":0,"menu_order":0,"comment_status":"closed","ping_status":"closed","template":"","meta":{"footnotes":""},"class_list":["post-68","page","type-page","status-publish","hentry"],"_links":{"self":[{"href":"https:\/\/educ-spe-guadeloupe.fr\/index.php\/wp-json\/wp\/v2\/pages\/68","targetHints":{"allow":["GET"]}}],"collection":[{"href":"https:\/\/educ-spe-guadeloupe.fr\/index.php\/wp-json\/wp\/v2\/pages"}],"about":[{"href":"https:\/\/educ-spe-guadeloupe.fr\/index.php\/wp-json\/wp\/v2\/types\/page"}],"author":[{"embeddable":true,"href":"https:\/\/educ-spe-guadeloupe.fr\/index.php\/wp-json\/wp\/v2\/users\/1"}],"replies":[{"embeddable":true,"href":"https:\/\/educ-spe-guadeloupe.fr\/index.php\/wp-json\/wp\/v2\/comments?post=68"}],"version-history":[{"count":6,"href":"https:\/\/educ-spe-guadeloupe.fr\/index.php\/wp-json\/wp\/v2\/pages\/68\/revisions"}],"predecessor-version":[{"id":140,"href":"https:\/\/educ-spe-guadeloupe.fr\/index.php\/wp-json\/wp\/v2\/pages\/68\/revisions\/140"}],"wp:attachment":[{"href":"https:\/\/educ-spe-guadeloupe.fr\/index.php\/wp-json\/wp\/v2\/media?parent=68"}],"curies":[{"name":"wp","href":"https:\/\/api.w.org\/{rel}","templated":true}]}}